{"id":30619,"date":"2024-07-31T14:21:45","date_gmt":"2024-07-31T11:21:45","guid":{"rendered":"https:\/\/shopall.md\/?post_type=product&#038;p=30619"},"modified":"2024-07-31T14:21:45","modified_gmt":"2024-07-31T11:21:45","slug":"crema-lichid-pentru-incaltaminte-75ml-negru-sc-2001-01","status":"publish","type":"product","link":"https:\/\/shopall.md\/ro\/produs\/crema-lichid-pentru-incaltaminte-75ml-negru-sc-2001-01\/","title":{"rendered":"Crem\u0103 lichid pentru \u00eenc\u0103l\u021b\u0103minte 75ml negru SC-2001-01"},"content":{"rendered":"","protected":false},"excerpt":{"rendered":"","protected":false},"featured_media":30620,"comment_status":"open","ping_status":"closed","template":"","meta":[],"product_brand":[],"product_cat":[428],"product_tag":[],"class_list":{"0":"post-30619","1":"product","2":"type-product","3":"status-publish","4":"has-post-thumbnail","6":"product_cat-crema-pentru-incaltaminte","8":"first","9":"instock","10":"sale","11":"shipping-taxable","12":"purchasable","13":"product-type-simple"},"_links":{"self":[{"href":"https:\/\/shopall.md\/ro\/wp-json\/wp\/v2\/product\/30619"}],"collection":[{"href":"https:\/\/shopall.md\/ro\/wp-json\/wp\/v2\/product"}],"about":[{"href":"https:\/\/shopall.md\/ro\/wp-json\/wp\/v2\/types\/product"}],"replies":[{"embeddable":true,"href":"https:\/\/shopall.md\/ro\/wp-json\/wp\/v2\/comments?post=30619"}],"version-history":[{"count":1,"href":"https:\/\/shopall.md\/ro\/wp-json\/wp\/v2\/product\/30619\/revisions"}],"predecessor-version":[{"id":30622,"href":"https:\/\/shopall.md\/ro\/wp-json\/wp\/v2\/product\/30619\/revisions\/30622"}],"wp:featuredmedia":[{"embeddable":true,"href":"https:\/\/shopall.md\/ro\/wp-json\/wp\/v2\/media\/30620"}],"wp:attachment":[{"href":"https:\/\/shopall.md\/ro\/wp-json\/wp\/v2\/media?parent=30619"}],"wp:term":[{"taxonomy":"product_brand","embeddable":true,"href":"https:\/\/shopall.md\/ro\/wp-json\/wp\/v2\/product_brand?post=30619"},{"taxonomy":"product_cat","embeddable":true,"href":"https:\/\/shopall.md\/ro\/wp-json\/wp\/v2\/product_cat?post=30619"},{"taxonomy":"product_tag","embeddable":true,"href":"https:\/\/shopall.md\/ro\/wp-json\/wp\/v2\/product_tag?post=30619"}],"curies":[{"name":"wp","href":"https:\/\/api.w.org\/{rel}","templated":true}]}}