{"id":23929,"date":"2024-07-12T13:51:14","date_gmt":"2024-07-12T10:51:14","guid":{"rendered":"https:\/\/shopall.md\/?post_type=product&#038;p=23929"},"modified":"2024-10-30T14:58:29","modified_gmt":"2024-10-30T11:58:29","slug":"scoci-dublu-n2-12-bucati","status":"publish","type":"product","link":"https:\/\/shopall.md\/ro\/produs\/scoci-dublu-n2-12-bucati\/","title":{"rendered":"Band\u0103 adeziv\u0103 dubl\u0103 N2 12 b10m1.5cm"},"content":{"rendered":"","protected":false},"excerpt":{"rendered":"","protected":false},"featured_media":23932,"comment_status":"open","ping_status":"closed","template":"","meta":[],"product_brand":[],"product_cat":[464],"product_tag":[],"class_list":{"0":"post-23929","1":"product","2":"type-product","3":"status-publish","4":"has-post-thumbnail","6":"product_cat-banda-adeziva","8":"first","9":"instock","10":"sale","11":"shipping-taxable","12":"purchasable","13":"product-type-simple"},"_links":{"self":[{"href":"https:\/\/shopall.md\/ro\/wp-json\/wp\/v2\/product\/23929"}],"collection":[{"href":"https:\/\/shopall.md\/ro\/wp-json\/wp\/v2\/product"}],"about":[{"href":"https:\/\/shopall.md\/ro\/wp-json\/wp\/v2\/types\/product"}],"replies":[{"embeddable":true,"href":"https:\/\/shopall.md\/ro\/wp-json\/wp\/v2\/comments?post=23929"}],"version-history":[{"count":3,"href":"https:\/\/shopall.md\/ro\/wp-json\/wp\/v2\/product\/23929\/revisions"}],"predecessor-version":[{"id":31224,"href":"https:\/\/shopall.md\/ro\/wp-json\/wp\/v2\/product\/23929\/revisions\/31224"}],"wp:featuredmedia":[{"embeddable":true,"href":"https:\/\/shopall.md\/ro\/wp-json\/wp\/v2\/media\/23932"}],"wp:attachment":[{"href":"https:\/\/shopall.md\/ro\/wp-json\/wp\/v2\/media?parent=23929"}],"wp:term":[{"taxonomy":"product_brand","embeddable":true,"href":"https:\/\/shopall.md\/ro\/wp-json\/wp\/v2\/product_brand?post=23929"},{"taxonomy":"product_cat","embeddable":true,"href":"https:\/\/shopall.md\/ro\/wp-json\/wp\/v2\/product_cat?post=23929"},{"taxonomy":"product_tag","embeddable":true,"href":"https:\/\/shopall.md\/ro\/wp-json\/wp\/v2\/product_tag?post=23929"}],"curies":[{"name":"wp","href":"https:\/\/api.w.org\/{rel}","templated":true}]}}