{"id":23607,"date":"2024-07-12T11:34:08","date_gmt":"2024-07-12T08:34:08","guid":{"rendered":"https:\/\/shopall.md\/?post_type=product&#038;p=23607"},"modified":"2024-07-12T11:34:08","modified_gmt":"2024-07-12T08:34:08","slug":"incarcator-auto-ksc-677","status":"publish","type":"product","link":"https:\/\/shopall.md\/ro\/produs\/incarcator-auto-ksc-677\/","title":{"rendered":"\u00cenc\u0103rc\u0103tor auto KSC-677"},"content":{"rendered":"","protected":false},"excerpt":{"rendered":"","protected":false},"featured_media":23612,"comment_status":"open","ping_status":"closed","template":"","meta":[],"product_brand":[],"product_cat":[308],"product_tag":[],"class_list":{"0":"post-23607","1":"product","2":"type-product","3":"status-publish","4":"has-post-thumbnail","6":"product_cat-accesorii-auto","8":"first","9":"instock","10":"sale","11":"shipping-taxable","12":"purchasable","13":"product-type-simple"},"_links":{"self":[{"href":"https:\/\/shopall.md\/ro\/wp-json\/wp\/v2\/product\/23607"}],"collection":[{"href":"https:\/\/shopall.md\/ro\/wp-json\/wp\/v2\/product"}],"about":[{"href":"https:\/\/shopall.md\/ro\/wp-json\/wp\/v2\/types\/product"}],"replies":[{"embeddable":true,"href":"https:\/\/shopall.md\/ro\/wp-json\/wp\/v2\/comments?post=23607"}],"version-history":[{"count":1,"href":"https:\/\/shopall.md\/ro\/wp-json\/wp\/v2\/product\/23607\/revisions"}],"predecessor-version":[{"id":23616,"href":"https:\/\/shopall.md\/ro\/wp-json\/wp\/v2\/product\/23607\/revisions\/23616"}],"wp:featuredmedia":[{"embeddable":true,"href":"https:\/\/shopall.md\/ro\/wp-json\/wp\/v2\/media\/23612"}],"wp:attachment":[{"href":"https:\/\/shopall.md\/ro\/wp-json\/wp\/v2\/media?parent=23607"}],"wp:term":[{"taxonomy":"product_brand","embeddable":true,"href":"https:\/\/shopall.md\/ro\/wp-json\/wp\/v2\/product_brand?post=23607"},{"taxonomy":"product_cat","embeddable":true,"href":"https:\/\/shopall.md\/ro\/wp-json\/wp\/v2\/product_cat?post=23607"},{"taxonomy":"product_tag","embeddable":true,"href":"https:\/\/shopall.md\/ro\/wp-json\/wp\/v2\/product_tag?post=23607"}],"curies":[{"name":"wp","href":"https:\/\/api.w.org\/{rel}","templated":true}]}}