{"id":19229,"date":"2024-07-04T11:28:43","date_gmt":"2024-07-04T08:28:43","guid":{"rendered":"https:\/\/shopall.md\/?post_type=product&#038;p=19229"},"modified":"2024-07-25T13:44:59","modified_gmt":"2024-07-25T10:44:59","slug":"placa-indreptator-4","status":"publish","type":"product","link":"https:\/\/shopall.md\/ro\/produs\/placa-indreptator-4\/","title":{"rendered":"Plac\u0103 (\u00eendrept\u0103tor)mz-7045"},"content":{"rendered":"","protected":false},"excerpt":{"rendered":"","protected":false},"featured_media":28903,"comment_status":"open","ping_status":"closed","template":"","meta":[],"product_brand":[],"product_cat":[145],"product_tag":[],"class_list":{"0":"post-19229","1":"product","2":"type-product","3":"status-publish","4":"has-post-thumbnail","6":"product_cat-placi-si-ondulatoare","8":"first","9":"instock","10":"sale","11":"shipping-taxable","12":"purchasable","13":"product-type-simple"},"_links":{"self":[{"href":"https:\/\/shopall.md\/ro\/wp-json\/wp\/v2\/product\/19229"}],"collection":[{"href":"https:\/\/shopall.md\/ro\/wp-json\/wp\/v2\/product"}],"about":[{"href":"https:\/\/shopall.md\/ro\/wp-json\/wp\/v2\/types\/product"}],"replies":[{"embeddable":true,"href":"https:\/\/shopall.md\/ro\/wp-json\/wp\/v2\/comments?post=19229"}],"version-history":[{"count":2,"href":"https:\/\/shopall.md\/ro\/wp-json\/wp\/v2\/product\/19229\/revisions"}],"predecessor-version":[{"id":28905,"href":"https:\/\/shopall.md\/ro\/wp-json\/wp\/v2\/product\/19229\/revisions\/28905"}],"wp:featuredmedia":[{"embeddable":true,"href":"https:\/\/shopall.md\/ro\/wp-json\/wp\/v2\/media\/28903"}],"wp:attachment":[{"href":"https:\/\/shopall.md\/ro\/wp-json\/wp\/v2\/media?parent=19229"}],"wp:term":[{"taxonomy":"product_brand","embeddable":true,"href":"https:\/\/shopall.md\/ro\/wp-json\/wp\/v2\/product_brand?post=19229"},{"taxonomy":"product_cat","embeddable":true,"href":"https:\/\/shopall.md\/ro\/wp-json\/wp\/v2\/product_cat?post=19229"},{"taxonomy":"product_tag","embeddable":true,"href":"https:\/\/shopall.md\/ro\/wp-json\/wp\/v2\/product_tag?post=19229"}],"curies":[{"name":"wp","href":"https:\/\/api.w.org\/{rel}","templated":true}]}}