{"id":17268,"date":"2024-07-02T11:30:16","date_gmt":"2024-07-02T08:30:16","guid":{"rendered":"https:\/\/shopall.md\/?post_type=product&#038;p=17268"},"modified":"2024-07-02T11:30:16","modified_gmt":"2024-07-02T08:30:16","slug":"set-cani-inima-m8-284","status":"publish","type":"product","link":"https:\/\/shopall.md\/ro\/produs\/set-cani-inima-m8-284\/","title":{"rendered":"Set c\u0103ni inim\u0103 M8-284"},"content":{"rendered":"<p>Set de 6 piese ,,forma inim\u0103\u201d<\/p>\n","protected":false},"excerpt":{"rendered":"<p>Set de 6 piese ,,forma inim\u0103\u201d<\/p>\n","protected":false},"featured_media":17272,"comment_status":"open","ping_status":"closed","template":"","meta":[],"product_brand":[],"product_cat":[119],"product_tag":[],"class_list":{"0":"post-17268","1":"product","2":"type-product","3":"status-publish","4":"has-post-thumbnail","6":"product_cat-seturi-ceai-si-cafea","8":"first","9":"instock","10":"sale","11":"shipping-taxable","12":"purchasable","13":"product-type-simple"},"_links":{"self":[{"href":"https:\/\/shopall.md\/ro\/wp-json\/wp\/v2\/product\/17268"}],"collection":[{"href":"https:\/\/shopall.md\/ro\/wp-json\/wp\/v2\/product"}],"about":[{"href":"https:\/\/shopall.md\/ro\/wp-json\/wp\/v2\/types\/product"}],"replies":[{"embeddable":true,"href":"https:\/\/shopall.md\/ro\/wp-json\/wp\/v2\/comments?post=17268"}],"version-history":[{"count":1,"href":"https:\/\/shopall.md\/ro\/wp-json\/wp\/v2\/product\/17268\/revisions"}],"predecessor-version":[{"id":17276,"href":"https:\/\/shopall.md\/ro\/wp-json\/wp\/v2\/product\/17268\/revisions\/17276"}],"wp:featuredmedia":[{"embeddable":true,"href":"https:\/\/shopall.md\/ro\/wp-json\/wp\/v2\/media\/17272"}],"wp:attachment":[{"href":"https:\/\/shopall.md\/ro\/wp-json\/wp\/v2\/media?parent=17268"}],"wp:term":[{"taxonomy":"product_brand","embeddable":true,"href":"https:\/\/shopall.md\/ro\/wp-json\/wp\/v2\/product_brand?post=17268"},{"taxonomy":"product_cat","embeddable":true,"href":"https:\/\/shopall.md\/ro\/wp-json\/wp\/v2\/product_cat?post=17268"},{"taxonomy":"product_tag","embeddable":true,"href":"https:\/\/shopall.md\/ro\/wp-json\/wp\/v2\/product_tag?post=17268"}],"curies":[{"name":"wp","href":"https:\/\/api.w.org\/{rel}","templated":true}]}}