{"id":17222,"date":"2024-07-02T11:23:21","date_gmt":"2024-07-02T08:23:21","guid":{"rendered":"https:\/\/shopall.md\/?post_type=product&#038;p=17222"},"modified":"2024-07-02T11:23:21","modified_gmt":"2024-07-02T08:23:21","slug":"cana-ceramica-m8-8","status":"publish","type":"product","link":"https:\/\/shopall.md\/ro\/produs\/cana-ceramica-m8-8\/","title":{"rendered":"Can\u0103 ceramica M8-8"},"content":{"rendered":"<p>Can\u0103 de ceramic\u0103<\/p>\n","protected":false},"excerpt":{"rendered":"<p>Can\u0103 de ceramic\u0103<\/p>\n","protected":false},"featured_media":17241,"comment_status":"open","ping_status":"closed","template":"","meta":[],"product_brand":[],"product_cat":[119],"product_tag":[],"class_list":{"0":"post-17222","1":"product","2":"type-product","3":"status-publish","4":"has-post-thumbnail","6":"product_cat-seturi-ceai-si-cafea","8":"first","9":"instock","10":"sale","11":"shipping-taxable","12":"purchasable","13":"product-type-simple"},"_links":{"self":[{"href":"https:\/\/shopall.md\/ro\/wp-json\/wp\/v2\/product\/17222"}],"collection":[{"href":"https:\/\/shopall.md\/ro\/wp-json\/wp\/v2\/product"}],"about":[{"href":"https:\/\/shopall.md\/ro\/wp-json\/wp\/v2\/types\/product"}],"replies":[{"embeddable":true,"href":"https:\/\/shopall.md\/ro\/wp-json\/wp\/v2\/comments?post=17222"}],"version-history":[{"count":1,"href":"https:\/\/shopall.md\/ro\/wp-json\/wp\/v2\/product\/17222\/revisions"}],"predecessor-version":[{"id":17244,"href":"https:\/\/shopall.md\/ro\/wp-json\/wp\/v2\/product\/17222\/revisions\/17244"}],"wp:featuredmedia":[{"embeddable":true,"href":"https:\/\/shopall.md\/ro\/wp-json\/wp\/v2\/media\/17241"}],"wp:attachment":[{"href":"https:\/\/shopall.md\/ro\/wp-json\/wp\/v2\/media?parent=17222"}],"wp:term":[{"taxonomy":"product_brand","embeddable":true,"href":"https:\/\/shopall.md\/ro\/wp-json\/wp\/v2\/product_brand?post=17222"},{"taxonomy":"product_cat","embeddable":true,"href":"https:\/\/shopall.md\/ro\/wp-json\/wp\/v2\/product_cat?post=17222"},{"taxonomy":"product_tag","embeddable":true,"href":"https:\/\/shopall.md\/ro\/wp-json\/wp\/v2\/product_tag?post=17222"}],"curies":[{"name":"wp","href":"https:\/\/api.w.org\/{rel}","templated":true}]}}