{"id":16596,"date":"2024-05-23T13:24:12","date_gmt":"2024-05-23T10:24:12","guid":{"rendered":"https:\/\/shopall.md\/?post_type=product&#038;p=16596"},"modified":"2024-05-23T13:24:12","modified_gmt":"2024-05-23T10:24:12","slug":"tigaie-pentru-clatite-m14-86","status":"publish","type":"product","link":"https:\/\/shopall.md\/ro\/produs\/tigaie-pentru-clatite-m14-86\/","title":{"rendered":"Tigaie pentru cl\u0103tite M14-86"},"content":{"rendered":"<h4>Tigaie pentru cl\u0103tite M14-86 acoperit\u0103 cu telfon 20cm 1\/20<\/h4>\n","protected":false},"excerpt":{"rendered":"<p>Tigaie pentru cl\u0103tite M14-86 acoperit\u0103 cu telfon 20cm 1\/20<\/p>\n","protected":false},"featured_media":16597,"comment_status":"open","ping_status":"closed","template":"","meta":[],"product_brand":[],"product_cat":[123],"product_tag":[],"class_list":{"0":"post-16596","1":"product","2":"type-product","3":"status-publish","4":"has-post-thumbnail","6":"product_cat-tigai","8":"first","9":"instock","10":"sale","11":"shipping-taxable","12":"purchasable","13":"product-type-simple"},"_links":{"self":[{"href":"https:\/\/shopall.md\/ro\/wp-json\/wp\/v2\/product\/16596"}],"collection":[{"href":"https:\/\/shopall.md\/ro\/wp-json\/wp\/v2\/product"}],"about":[{"href":"https:\/\/shopall.md\/ro\/wp-json\/wp\/v2\/types\/product"}],"replies":[{"embeddable":true,"href":"https:\/\/shopall.md\/ro\/wp-json\/wp\/v2\/comments?post=16596"}],"version-history":[{"count":1,"href":"https:\/\/shopall.md\/ro\/wp-json\/wp\/v2\/product\/16596\/revisions"}],"predecessor-version":[{"id":16599,"href":"https:\/\/shopall.md\/ro\/wp-json\/wp\/v2\/product\/16596\/revisions\/16599"}],"wp:featuredmedia":[{"embeddable":true,"href":"https:\/\/shopall.md\/ro\/wp-json\/wp\/v2\/media\/16597"}],"wp:attachment":[{"href":"https:\/\/shopall.md\/ro\/wp-json\/wp\/v2\/media?parent=16596"}],"wp:term":[{"taxonomy":"product_brand","embeddable":true,"href":"https:\/\/shopall.md\/ro\/wp-json\/wp\/v2\/product_brand?post=16596"},{"taxonomy":"product_cat","embeddable":true,"href":"https:\/\/shopall.md\/ro\/wp-json\/wp\/v2\/product_cat?post=16596"},{"taxonomy":"product_tag","embeddable":true,"href":"https:\/\/shopall.md\/ro\/wp-json\/wp\/v2\/product_tag?post=16596"}],"curies":[{"name":"wp","href":"https:\/\/api.w.org\/{rel}","templated":true}]}}