{"id":16570,"date":"2024-05-23T12:59:02","date_gmt":"2024-05-23T09:59:02","guid":{"rendered":"https:\/\/shopall.md\/?post_type=product&#038;p=16570"},"modified":"2024-05-23T12:59:02","modified_gmt":"2024-05-23T09:59:02","slug":"tigaie-adanca-m14-80","status":"publish","type":"product","link":"https:\/\/shopall.md\/ro\/produs\/tigaie-adanca-m14-80\/","title":{"rendered":"Tigaie Ad\u00e2nc\u0103 M14-80"},"content":{"rendered":"<h4>Tigaie Ad\u00e2nc\u0103 M14-80 26*7 cm cu acoperire de telfon 1\/20<\/h4>\n","protected":false},"excerpt":{"rendered":"<p>Tigaie Ad\u00e2nc\u0103 M14-80 26*7 cm cu acoperire de telfon 1\/20<\/p>\n","protected":false},"featured_media":16571,"comment_status":"open","ping_status":"closed","template":"","meta":[],"product_brand":[],"product_cat":[123],"product_tag":[],"class_list":{"0":"post-16570","1":"product","2":"type-product","3":"status-publish","4":"has-post-thumbnail","6":"product_cat-tigai","8":"first","9":"instock","10":"sale","11":"shipping-taxable","12":"purchasable","13":"product-type-simple"},"_links":{"self":[{"href":"https:\/\/shopall.md\/ro\/wp-json\/wp\/v2\/product\/16570"}],"collection":[{"href":"https:\/\/shopall.md\/ro\/wp-json\/wp\/v2\/product"}],"about":[{"href":"https:\/\/shopall.md\/ro\/wp-json\/wp\/v2\/types\/product"}],"replies":[{"embeddable":true,"href":"https:\/\/shopall.md\/ro\/wp-json\/wp\/v2\/comments?post=16570"}],"version-history":[{"count":1,"href":"https:\/\/shopall.md\/ro\/wp-json\/wp\/v2\/product\/16570\/revisions"}],"predecessor-version":[{"id":16573,"href":"https:\/\/shopall.md\/ro\/wp-json\/wp\/v2\/product\/16570\/revisions\/16573"}],"wp:featuredmedia":[{"embeddable":true,"href":"https:\/\/shopall.md\/ro\/wp-json\/wp\/v2\/media\/16571"}],"wp:attachment":[{"href":"https:\/\/shopall.md\/ro\/wp-json\/wp\/v2\/media?parent=16570"}],"wp:term":[{"taxonomy":"product_brand","embeddable":true,"href":"https:\/\/shopall.md\/ro\/wp-json\/wp\/v2\/product_brand?post=16570"},{"taxonomy":"product_cat","embeddable":true,"href":"https:\/\/shopall.md\/ro\/wp-json\/wp\/v2\/product_cat?post=16570"},{"taxonomy":"product_tag","embeddable":true,"href":"https:\/\/shopall.md\/ro\/wp-json\/wp\/v2\/product_tag?post=16570"}],"curies":[{"name":"wp","href":"https:\/\/api.w.org\/{rel}","templated":true}]}}